{"id":8,"date":"2017-12-29T11:34:00","date_gmt":"2017-12-29T10:34:00","guid":{"rendered":"http:\/\/kk-bodensee.de\/test\/?page_id=8"},"modified":"2022-12-30T10:53:49","modified_gmt":"2022-12-30T09:53:49","slug":"stiftungsfonds","status":"publish","type":"page","link":"https:\/\/kk-bodensee.de\/?page_id=8","title":{"rendered":"Stiftungsfonds"},"content":{"rendered":"<div id=\"pl-8\"  class=\"panel-layout\" ><div id=\"pg-8-0\"  class=\"panel-grid panel-no-style\" ><div id=\"pgc-8-0-0\"  class=\"panel-grid-cell\" ><div id=\"panel-8-0-0-0\" class=\"so-panel widget widget_themegrill_flash_heading tg-widget section-title-wrapper panel-first-child panel-last-child\" data-index=\"0\" >\t<h3 class=\"section-title\">Stiftungsfonds<\/h3>\r\n<\/div><\/div><\/div><div id=\"pg-8-1\"  class=\"panel-grid panel-no-style\" ><div id=\"pgc-8-1-0\"  class=\"panel-grid-cell\" ><div id=\"panel-8-1-0-0\" class=\"so-panel widget widget_text panel-first-child panel-last-child\" data-index=\"1\" >\t\t\t<div class=\"textwidget\"><p>Die K&amp;K Bodensee-Stiftung erm\u00f6glicht ab einer Zustiftung von 5.000 \u20ac die Einrichtung eines\u00a0<strong>eigenen Stiftungsfonds<\/strong>\u00a0f\u00fcr einen speziellen Zweck, wobei die Ertr\u00e4ge des Stiftungsfonds separat ausgewiesen und verwendet werden.<\/p>\n<p>Der Name des Stiftungsfonds kann dabei auch auf den speziellen Stiftungszweck oder den Gr\u00fcnder verweisen.<\/p>\n<p>Bisher wurden die folgenden Stiftungsfonds eingerichtet:<\/p>\n<\/div>\n\t\t<\/div><\/div><\/div><div id=\"pg-8-2\"  class=\"panel-grid panel-no-style\" ><div id=\"pgc-8-2-0\"  class=\"panel-grid-cell\" ><div id=\"panel-8-2-0-0\" class=\"so-panel widget widget_text panel-first-child panel-last-child\" data-index=\"2\" >\t\t\t<div class=\"textwidget\"><hr>\n<\/div>\n\t\t<\/div><\/div><\/div><div id=\"pg-8-3\"  class=\"panel-grid panel-no-style\" ><div id=\"pgc-8-3-0\"  class=\"panel-grid-cell\" ><div id=\"panel-8-3-0-0\" class=\"so-panel widget widget_media_image panel-first-child panel-last-child\" data-index=\"3\" ><a href=\"http:\/\/xn--community-dreilndereck-f5b.org\/\" target=\"_blank\"><img loading=\"lazy\" decoding=\"async\" width=\"300\" height=\"150\" src=\"https:\/\/kk-bodensee.de\/test\/wp-content\/uploads\/2017\/12\/community-gro\u00df-400-300x150.jpg\" class=\"image wp-image-125  attachment-medium size-medium\" alt=\"\" style=\"max-width: 100%; height: auto;\" srcset=\"https:\/\/kk-bodensee.de\/test\/wp-content\/uploads\/2017\/12\/community-gro\u00df-400-300x150.jpg 300w, https:\/\/kk-bodensee.de\/test\/wp-content\/uploads\/2017\/12\/community-gro\u00df-400.jpg 400w\" sizes=\"auto, (max-width: 300px) 100vw, 300px\" \/><\/a><\/div><\/div><div id=\"pgc-8-3-1\"  class=\"panel-grid-cell\" ><div id=\"panel-8-3-1-0\" class=\"so-panel widget widget_text panel-first-child panel-last-child\" data-index=\"4\" ><div class=\"panel-widget-style panel-widget-style-for-8-3-1-0\" >\t\t\t<div class=\"textwidget\"><p>Dieser am 10.10.2014 gegr\u00fcndete Stiftungsfonds unterst\u00fctzt gemeinn\u00fctzige Einrichtungen sowie Projekte im Bodenseeraum in Deutschland, \u00d6sterreich und der Schweiz.<\/p>\n<\/div>\n\t\t<\/div><\/div><\/div><\/div><div id=\"pg-8-4\"  class=\"panel-grid panel-no-style\" ><div id=\"pgc-8-4-0\"  class=\"panel-grid-cell\" ><div id=\"panel-8-4-0-0\" class=\"so-panel widget widget_text panel-first-child panel-last-child\" data-index=\"5\" >\t\t\t<div class=\"textwidget\"><hr \/>\n<p>&nbsp;<\/p>\n<p>&nbsp;<\/p>\n<\/div>\n\t\t<\/div><\/div><\/div><\/div>","protected":false},"excerpt":{"rendered":"<p>Die K&amp;K Bodensee-Stiftung erm\u00f6glicht ab einer Zustiftung von 5.000 \u20ac die Einrichtung eines\u00a0eigenen Stiftungsfonds\u00a0f\u00fcr einen speziellen Zweck, wobei die Ertr\u00e4ge [&hellip;]<\/p>\n","protected":false},"author":1,"featured_media":0,"parent":0,"menu_order":0,"comment_status":"closed","ping_status":"closed","template":"page-templates\/full-width.php","meta":{"footnotes":""},"class_list":["post-8","page","type-page","status-publish","hentry"],"_links":{"self":[{"href":"https:\/\/kk-bodensee.de\/index.php?rest_route=\/wp\/v2\/pages\/8","targetHints":{"allow":["GET"]}}],"collection":[{"href":"https:\/\/kk-bodensee.de\/index.php?rest_route=\/wp\/v2\/pages"}],"about":[{"href":"https:\/\/kk-bodensee.de\/index.php?rest_route=\/wp\/v2\/types\/page"}],"author":[{"embeddable":true,"href":"https:\/\/kk-bodensee.de\/index.php?rest_route=\/wp\/v2\/users\/1"}],"replies":[{"embeddable":true,"href":"https:\/\/kk-bodensee.de\/index.php?rest_route=%2Fwp%2Fv2%2Fcomments&post=8"}],"version-history":[{"count":40,"href":"https:\/\/kk-bodensee.de\/index.php?rest_route=\/wp\/v2\/pages\/8\/revisions"}],"predecessor-version":[{"id":614,"href":"https:\/\/kk-bodensee.de\/index.php?rest_route=\/wp\/v2\/pages\/8\/revisions\/614"}],"wp:attachment":[{"href":"https:\/\/kk-bodensee.de\/index.php?rest_route=%2Fwp%2Fv2%2Fmedia&parent=8"}],"curies":[{"name":"wp","href":"https:\/\/api.w.org\/{rel}","templated":true}]}}