{"id":4,"date":"2017-12-29T11:33:17","date_gmt":"2017-12-29T10:33:17","guid":{"rendered":"http:\/\/kk-bodensee.de\/test\/?page_id=4"},"modified":"2026-01-01T01:08:50","modified_gmt":"2026-01-01T00:08:50","slug":"die-stiftung","status":"publish","type":"page","link":"https:\/\/kk-bodensee.de\/","title":{"rendered":"Die Stiftung"},"content":{"rendered":"<div id=\"pl-4\"  class=\"panel-layout\" ><div id=\"pg-4-0\"  class=\"panel-grid panel-has-style\" ><div class=\"siteorigin-panels-stretch panel-row-style panel-row-style-for-4-0\" data-stretch-type=\"full-width-stretch\" ><div id=\"pgc-4-0-0\"  class=\"panel-grid-cell\" ><div id=\"panel-4-0-0-0\" class=\"so-panel widget widget_themegrill_flash_slider tg-section tg-slider-widget panel-first-child panel-last-child\" data-index=\"0\" ><div class=\"tg-slider-widget slider-light slider-content-center slider-control-center full-width\">\r\n\t<div class=\"swiper-container\">\r\n\t\t<div class=\"swiper-wrapper\">\r\n\t\t\t\r\n\t\t\t\t\t<div class=\"swiper-slide\">\r\n\t\t\t\t\t\t<figure class=\"slider-image\" >\r\n\t\t\t\t\t\t\t<img width=\"1920\" height=\"380\"\t\t\t\t\t\t\t\t\tsrc=\"http:\/\/kk-bodensee.de\/test\/wp-content\/uploads\/2017\/12\/slider_landzunge_1920x380.jpg\"\r\n\t\t\t\t\t\t\t\t\talt=\"Willkommen bei der K&amp;K\u00a0Bodensee\u2011Stiftung\"\r\n\t\t\t\t\t\t\t\t\ttitle=\"Willkommen bei der K&amp;K\u00a0Bodensee\u2011Stiftung\"\/>\r\n\t\t\t\t\t\t\t<div class=\"overlay\"><\/div>\r\n\t\t\t\t\t\t<\/figure>\r\n\t\t\t\t\t\t<div class=\"slider-content\">\r\n\t\t\t\t\t\t\t<div class=\"tg-container\">\r\n\t\t\t\t\t\t\t\t<div class=\"caption-title\">Willkommen bei der K&amp;K\u00a0Bodensee\u2011Stiftung<\/div>\r\n\t\t\t\t\t\t\t\t<div class=\"caption-desc\"><\/div>\r\n\t\t\t\t\t\t\t\t\t\t\t\t\t\t\t<\/div>\r\n\t\t\t\t\t\t<\/div>\r\n\t\t\t\t\t<\/div>\r\n\r\n\t\t\t\t\r\n\t\t\t\t\t<div class=\"swiper-slide\">\r\n\t\t\t\t\t\t<figure class=\"slider-image\" >\r\n\t\t\t\t\t\t\t<img width=\"1920\" height=\"380\"\t\t\t\t\t\t\t\t\tsrc=\"http:\/\/kk-bodensee.de\/test\/wp-content\/uploads\/2017\/12\/slider_berg_1920x380.jpg\"\r\n\t\t\t\t\t\t\t\t\talt=\"Wertentwicklung 2025\"\r\n\t\t\t\t\t\t\t\t\ttitle=\"Wertentwicklung 2025\"\/>\r\n\t\t\t\t\t\t\t<div class=\"overlay\"><\/div>\r\n\t\t\t\t\t\t<\/figure>\r\n\t\t\t\t\t\t<div class=\"slider-content\">\r\n\t\t\t\t\t\t\t<div class=\"tg-container\">\r\n\t\t\t\t\t\t\t\t<div class=\"caption-title\">Wertentwicklung 2025<\/div>\r\n\t\t\t\t\t\t\t\t<div class=\"caption-desc\">DIE ERFOLGSGESCHICHTE GEHT WEITER<\/div>\r\n\t\t\t\t\t\t\t\t\t\t\t\t\t\t\t\t\t<div class=\"btn-wrapper\">\r\n\t\t\t\t\t\t\t\t\t\t<a href=\"#wertentwicklung\">mehr<\/a>\r\n\t\t\t\t\t\t\t\t\t<\/div>\r\n\t\t\t\t\t\t\t\t\t\t\t\t\t\t\t<\/div>\r\n\t\t\t\t\t\t<\/div>\r\n\t\t\t\t\t<\/div>\r\n\r\n\t\t\t\t\r\n\t\t\t\t\t<div class=\"swiper-slide\">\r\n\t\t\t\t\t\t<figure class=\"slider-image\" >\r\n\t\t\t\t\t\t\t<img width=\"1920\" height=\"380\"\t\t\t\t\t\t\t\t\tsrc=\"http:\/\/kk-bodensee.de\/test\/wp-content\/uploads\/2017\/12\/slider_schwan_1920x380.jpg\"\r\n\t\t\t\t\t\t\t\t\talt=\"F\u00f6rderungen\"\r\n\t\t\t\t\t\t\t\t\ttitle=\"F\u00f6rderungen\"\/>\r\n\t\t\t\t\t\t\t<div class=\"overlay\"><\/div>\r\n\t\t\t\t\t\t<\/figure>\r\n\t\t\t\t\t\t<div class=\"slider-content\">\r\n\t\t\t\t\t\t\t<div class=\"tg-container\">\r\n\t\t\t\t\t\t\t\t<div class=\"caption-title\">F\u00f6rderungen<\/div>\r\n\t\t\t\t\t\t\t\t<div class=\"caption-desc\">AKTIONEN DER K&amp;K BODENSEE-STIFTUNG<\/div>\r\n\t\t\t\t\t\t\t\t\t\t\t\t\t\t\t\t\t<div class=\"btn-wrapper\">\r\n\t\t\t\t\t\t\t\t\t\t<a href=\"#foerderungen\">mehr<\/a>\r\n\t\t\t\t\t\t\t\t\t<\/div>\r\n\t\t\t\t\t\t\t\t\t\t\t\t\t\t\t<\/div>\r\n\t\t\t\t\t\t<\/div>\r\n\t\t\t\t\t<\/div>\r\n\r\n\t\t\t\t\t\t<\/div>\r\n\t\t<div class=\"swiper-pagination\"><\/div>\r\n\t\t<div class=\"slider-arrow\">\r\n\t\t\t<div class=\"swiper-button-next\"><\/div>\r\n\t\t\t<div class=\"swiper-button-prev\"><\/div>\r\n\t\t<\/div>\r\n\t<\/div>\r\n<\/div>\r\n<\/div><\/div><\/div><\/div><div id=\"pg-4-1\"  class=\"panel-grid panel-has-style\" ><div class=\"panel-row-style panel-row-style-for-4-1\" ><div id=\"pgc-4-1-0\"  class=\"panel-grid-cell\" ><div id=\"panel-4-1-0-0\" class=\"so-panel widget widget_themegrill_flash_heading tg-widget section-title-wrapper panel-first-child\" data-index=\"1\" >\t<h3 class=\"section-title\">Die Stiftung<\/h3>\r\n\t<div class=\"section-description\">Diese Stiftung zur F\u00f6rderung von Kunst und Kultur in Deutschland, \u00d6sterreich und der Schweiz, insbesondere im Bodenseeraum wurde am 17.06.2012 von Kathrin und Klaus Kunze gegr\u00fcndet und wird mit einem Grundkapital von mindestens 75.000 \u20ac ausgestattet.<\/div>\r\n<\/div><div id=\"panel-4-1-0-1\" class=\"so-panel widget widget_text panel-last-child\" data-index=\"2\" >\t\t\t<div class=\"textwidget\"><p><center> Die &#8222;K&amp;K Bodensee-Stiftung&#8220; steht in keinem rechtlichen Verh\u00e4ltnis zur internationalen &#8222;Bodensee-Stiftung&#8220; mit Sitz in Radolfzell.<\/center><\/p>\n<\/div>\n\t\t<\/div><\/div><\/div><\/div><div id=\"pg-4-2\"  class=\"panel-grid panel-no-style\" ><div id=\"pgc-4-2-0\"  class=\"panel-grid-cell\" ><div id=\"panel-4-2-0-0\" class=\"so-panel widget widget_themegrill_flash_heading tg-widget section-title-wrapper panel-first-child panel-last-child\" data-index=\"3\" >\t<h3 class=\"section-title\">3 GR\u00dcNDE F\u00dcRS MITMACHEN<\/h3>\r\n<\/div><\/div><\/div><div id=\"pg-4-3\"  class=\"panel-grid panel-has-style\" ><div class=\"panel-row-style panel-row-style-for-4-3\" ><div id=\"pgc-4-3-0\"  class=\"panel-grid-cell\" ><div id=\"panel-4-3-0-0\" class=\"so-panel widget widget_themegrill_flash_service tg-widget tg-single-service panel-first-child panel-last-child\" data-index=\"4\" >\r\n<div class=\"tg-service-widget tg-service-layout-1\">\r\n\t<div class=\"service-wrapper\">\r\n\t\t<div class=\"service-icon-title-wrapper clearfix\">\r\n\t\t\t\t\t\t<div class=\"service-icon-wrap\"><i class=\"fa fa-clock-o\"><\/i><\/div>\r\n\t\t\t\t\t\t\t\t\t\t\t\t<h3 class=\"service-title-wrap\">\r\n\t\t\t\tPrinzip der Zustiftung\t\t\t\t\t\t\t<\/h3>\r\n\t\t\t\t\t<\/div>\r\n\t\t\t\t<div class=\"service-content-wrap\">Durch Zustiftung bleibt dieser Betrag dem Stiftungsverm\u00f6gen erhalten und \"arbeitet\" dauerhaft f\u00fcr den Stiftungszweck. <\/div>\r\n\t\t\t\t\t<\/div>\r\n<\/div>\r\n<\/div><\/div><div id=\"pgc-4-3-1\"  class=\"panel-grid-cell\" ><div id=\"panel-4-3-1-0\" class=\"so-panel widget widget_themegrill_flash_service tg-widget tg-single-service panel-first-child panel-last-child\" data-index=\"5\" >\r\n<div class=\"tg-service-widget tg-service-layout-1\">\r\n\t<div class=\"service-wrapper\">\r\n\t\t<div class=\"service-icon-title-wrapper clearfix\">\r\n\t\t\t\t\t\t<div class=\"service-icon-wrap\"><i class=\"fa fa-cubes\"><\/i><\/div>\r\n\t\t\t\t\t\t\t\t\t\t\t\t<h3 class=\"service-title-wrap\">\r\n\t\t\t\tPersonalisierte Stiftungsfonds\t\t\t\t\t\t\t<\/h3>\r\n\t\t\t\t\t<\/div>\r\n\t\t\t\t<div class=\"service-content-wrap\">Gr\u00fcnden Sie Ihren eigenen Stiftungsfonds und lassen Sie diesen separat und bequem von der\tStiftung verwalten. <\/div>\r\n\t\t\t\t\t<\/div>\r\n<\/div>\r\n<\/div><\/div><div id=\"pgc-4-3-2\"  class=\"panel-grid-cell\" ><div id=\"panel-4-3-2-0\" class=\"so-panel widget widget_themegrill_flash_service tg-widget tg-single-service panel-first-child panel-last-child\" data-index=\"6\" >\r\n<div class=\"tg-service-widget tg-service-layout-1\">\r\n\t<div class=\"service-wrapper\">\r\n\t\t<div class=\"service-icon-title-wrapper clearfix\">\r\n\t\t\t\t\t\t<div class=\"service-icon-wrap\"><i class=\"fa fa-mortar-board\"><\/i><\/div>\r\n\t\t\t\t\t\t\t\t\t\t\t\t<h3 class=\"service-title-wrap\">\r\n\t\t\t\tW\u00fcrdigung der Zustifter\t\t\t\t\t\t\t<\/h3>\r\n\t\t\t\t\t<\/div>\r\n\t\t\t\t<div class=\"service-content-wrap\">Dauerhafte W\u00fcrdigung bei Zustiftungen ab 500 \u20ac in unserer Zustifter-Galerie. <\/div>\r\n\t\t\t\t\t<\/div>\r\n<\/div>\r\n<\/div><\/div><\/div><\/div><div id=\"pg-4-4\"  class=\"panel-grid panel-no-style\" ><div id=\"pgc-4-4-0\"  class=\"panel-grid-cell\" ><div id=\"panel-4-4-0-0\" class=\"so-panel widget widget_themegrill_flash_heading tg-widget section-title-wrapper panel-first-child panel-last-child\" data-index=\"7\" >\t<h3 class=\"section-title\">Wer wir sind<\/h3>\r\n\t<div class=\"section-description\">Der Vorstand der K&amp;K Bodensee-Stiftung stellt sich vor<\/div>\r\n<\/div><\/div><\/div><div id=\"pg-4-5\"  class=\"panel-grid panel-has-style\" ><div class=\"panel-row-style panel-row-style-for-4-5\" ><div id=\"pgc-4-5-0\"  class=\"panel-grid-cell panel-grid-cell-empty\" ><\/div><div id=\"pgc-4-5-1\"  class=\"panel-grid-cell\" ><div id=\"panel-4-5-1-0\" class=\"so-panel widget widget_themegrill_flash_team tg-widget tg-single-team panel-first-child panel-last-child\" data-index=\"8\" ><div class=\"tg-team-widget tg-team-layout-1\">\r\n\t<div class=\"team-wrapper\">\r\n\t\t\t\t<div class=\"team-img\">\r\n\t\t\t\t\t\t<img decoding=\"async\" src=\"http:\/\/kk-bodensee.de\/test\/wp-content\/uploads\/2017\/12\/kathrin.jpg\" alt=\"Dipl.-Ing. oec. Kathrin Kunze\"\/>\r\n\t\t<\/div>\r\n\t\t\t\t<div class=\"team-content-wrapper\">\r\n\t\t\t<div class=\"team-desc-wrapper\">\r\n\t\t\t\t<h3 class=\"team-title\">Dipl.-Ing. oec. Kathrin Kunze<\/h3>\r\n\t\t\t\t<div class=\"team-designation\">Vorsitzende<\/div>\r\n\t\t\t\t<div class=\"team-content\">Gr\u00fcnderin der K&amp;K Bodensee Stiftung <br><br \/>\nVertriebsleiterin aus Ravensburg<\/div>\r\n\t\t\t\t\t\t\t<\/div>\r\n\t\t<\/div>\r\n\t<\/div>\r\n<\/div>\r\n<\/div><\/div><div id=\"pgc-4-5-2\"  class=\"panel-grid-cell panel-grid-cell-mobile-last\" ><div id=\"panel-4-5-2-0\" class=\"so-panel widget widget_themegrill_flash_team tg-widget tg-single-team panel-first-child panel-last-child\" data-index=\"9\" ><div class=\"tg-team-widget tg-team-layout-1\">\r\n\t<div class=\"team-wrapper\">\r\n\t\t\t\t<div class=\"team-img\">\r\n\t\t\t\t\t\t<img decoding=\"async\" src=\"http:\/\/kk-bodensee.de\/test\/wp-content\/uploads\/2017\/12\/constanze.jpg\" alt=\"Constanze Giray, geb. Kunze\"\/>\r\n\t\t<\/div>\r\n\t\t\t\t<div class=\"team-content-wrapper\">\r\n\t\t\t<div class=\"team-desc-wrapper\">\r\n\t\t\t\t<h3 class=\"team-title\">Constanze Giray, geb. Kunze<\/h3>\r\n\t\t\t\t<div class=\"team-designation\">stellvertretende Vorsitzende<\/div>\r\n\t\t\t\t<div class=\"team-content\">Bankbetriebswirtin aus Ravensburg<\/div>\r\n\t\t\t\t\t\t\t<\/div>\r\n\t\t<\/div>\r\n\t<\/div>\r\n<\/div>\r\n<\/div><\/div><div id=\"pgc-4-5-3\"  class=\"panel-grid-cell panel-grid-cell-empty\" ><\/div><\/div><\/div><div id=\"pg-4-6\"  class=\"panel-grid panel-no-style\" ><div id=\"pgc-4-6-0\"  class=\"panel-grid-cell\" ><div id=\"panel-4-6-0-0\" class=\"so-panel widget widget_themegrill_flash_heading tg-widget section-title-wrapper panel-first-child panel-last-child\" data-index=\"10\" >\t<h3 class=\"section-title\">Verwaltung<\/h3>\r\n<\/div><\/div><\/div><div id=\"pg-4-7\"  class=\"panel-grid panel-has-style\" ><div class=\"panel-row-style panel-row-style-for-4-7\" ><div id=\"pgc-4-7-0\"  class=\"panel-grid-cell\" ><div id=\"panel-4-7-0-0\" class=\"so-panel widget widget_themegrill_flash_service tg-widget tg-single-service panel-first-child panel-last-child\" data-index=\"11\" >\r\n<div class=\"tg-service-widget tg-service-layout-1\">\r\n\t<div class=\"service-wrapper\">\r\n\t\t<div class=\"service-icon-title-wrapper clearfix\">\r\n\t\t\t\t\t\t<div class=\"service-icon-wrap\"><i class=\"fa fa-book\"><\/i><\/div>\r\n\t\t\t\t\t\t\t\t\t\t\t\t<h3 class=\"service-title-wrap\">\r\n\t\t\t\tRechtsform\t\t\t\t\t\t\t<\/h3>\r\n\t\t\t\t\t<\/div>\r\n\t\t\t\t<div class=\"service-content-wrap\">Die K&amp;K Bodensee-Stiftung ist eine gemeinn\u00fctzige Treuhandstiftung und somit nicht rechtsf\u00e4hig. Als Treuh\u00e4nderin fungiert die K&amp;K Bodensee GmbH.\n<p><\/p>\n<\/div>\r\n\t\t\t\t\t<\/div>\r\n<\/div>\r\n<\/div><\/div><div id=\"pgc-4-7-1\"  class=\"panel-grid-cell\" ><div id=\"panel-4-7-1-0\" class=\"so-panel widget widget_themegrill_flash_service tg-widget tg-single-service panel-first-child panel-last-child\" data-index=\"12\" >\r\n<div class=\"tg-service-widget tg-service-layout-1\">\r\n\t<div class=\"service-wrapper\">\r\n\t\t<div class=\"service-icon-title-wrapper clearfix\">\r\n\t\t\t\t\t\t<div class=\"service-icon-wrap\"><i class=\"fa fa-handshake-o\"><\/i><\/div>\r\n\t\t\t\t\t\t\t\t\t\t\t\t<h3 class=\"service-title-wrap\">\r\n\t\t\t\tTreuh\u00e4nderin\t\t\t\t\t\t\t<\/h3>\r\n\t\t\t\t\t<\/div>\r\n\t\t\t\t<div class=\"service-content-wrap\">K&amp;K Bodensee GmbH<br \/>\nBremhagweg 26<br \/>\n88213 Ravensburg<p><\/p>\nHRB 726708 (Reg.-Gericht Ulm)<br \/>\ngegr\u00fcndet am 17.06.2011<br \/>\nSteuernummer 77027\/03667<br \/>\nUSt-IdNr. DE282902281<br \/><\/div>\r\n\t\t\t\t\t<\/div>\r\n<\/div>\r\n<\/div><\/div><div id=\"pgc-4-7-2\"  class=\"panel-grid-cell\" ><div id=\"panel-4-7-2-0\" class=\"so-panel widget widget_themegrill_flash_service tg-widget tg-single-service panel-first-child panel-last-child\" data-index=\"13\" >\r\n<div class=\"tg-service-widget tg-service-layout-1\">\r\n\t<div class=\"service-wrapper\">\r\n\t\t<div class=\"service-icon-title-wrapper clearfix\">\r\n\t\t\t\t\t\t<div class=\"service-icon-wrap\"><i class=\"fa fa-money\"><\/i><\/div>\r\n\t\t\t\t\t\t\t\t\t\t\t\t<h3 class=\"service-title-wrap\">\r\n\t\t\t\tStiftungskapital\t\t\t\t\t\t\t<\/h3>\r\n\t\t\t\t\t<\/div>\r\n\t\t\t\t<div class=\"service-content-wrap\">Die Treuh\u00e4nderin legt das Stiftungskapital m\u00f6glichst umfassend in Aktien der Bodensee-Anrainerl\u00e4nder an. Dies stellt allerdings keine Anlageempfehlung dar. <\/div>\r\n\t\t\t\t\t<\/div>\r\n<\/div>\r\n<\/div><\/div><div id=\"pgc-4-7-3\"  class=\"panel-grid-cell\" ><div id=\"panel-4-7-3-0\" class=\"so-panel widget widget_themegrill_flash_service tg-widget tg-single-service panel-first-child panel-last-child\" data-index=\"14\" >\r\n<div class=\"tg-service-widget tg-service-layout-1\">\r\n\t<div class=\"service-wrapper\">\r\n\t\t<div class=\"service-icon-title-wrapper clearfix\">\r\n\t\t\t\t\t\t<div class=\"service-icon-wrap\"><i class=\"fa fa-line-chart\"><\/i><\/div>\r\n\t\t\t\t\t\t\t\t\t\t\t\t<h3 class=\"service-title-wrap\">\r\n\t\t\t\tExpertise\t\t\t\t\t\t\t<\/h3>\r\n\t\t\t\t\t<\/div>\r\n\t\t\t\t<div class=\"service-content-wrap\">Der gesch\u00e4ftsf\u00fchrende Gesellschafter der K&amp;K Bodensee GmbH, Herr Dipl.-Ing. Klaus Kunze kann bei der Anlage auf eine mehr als 30-j\u00e4hrige B\u00f6rsenerfahrung verweisen. Die bisherige Entwicklung des Wertpapierdepots spricht f\u00fcr sich.<\/div>\r\n\t\t\t\t\t<\/div>\r\n<\/div>\r\n<\/div><\/div><\/div><\/div><div id=\"pg-4-8\"  class=\"panel-grid panel-no-style\" ><div id=\"pgc-4-8-0\"  class=\"panel-grid-cell\" ><div id=\"panel-4-8-0-0\" class=\"so-panel widget widget_themegrill_flash_heading tg-widget section-title-wrapper panel-first-child panel-last-child\" data-index=\"15\" >\t<h3 class=\"section-title\">Die K&amp;K Bodensee GmbH in der Presse<\/h3>\r\n<\/div><\/div><\/div><div id=\"pg-4-9\"  class=\"panel-grid panel-has-style\" ><div class=\"panel-row-style panel-row-style-for-4-9\" ><div id=\"pgc-4-9-0\"  class=\"panel-grid-cell panel-grid-cell-empty\" ><\/div><div id=\"pgc-4-9-1\"  class=\"panel-grid-cell\" ><div id=\"panel-4-9-1-0\" class=\"so-panel widget widget_text panel-first-child panel-last-child\" data-index=\"16\" ><div class=\"panel-widget-style panel-widget-style-for-4-9-1-0\" >\t\t\t<div class=\"textwidget\"><p><a href=\"http:\/\/www.genios.de\/presse-archiv\/artikel\/HB\/20140519\/kathrin-und-klaus-kunze\/E99028F7-9059-4034-99B7-DEF86CAF2633.html\"><img loading=\"lazy\" decoding=\"async\" class=\"alignnone wp-image-303\" src=\"https:\/\/kk-bodensee.de\/test\/wp-content\/uploads\/2018\/01\/lindau1-1024x686.jpg\" alt=\"\" width=\"600\" height=\"402\" srcset=\"https:\/\/kk-bodensee.de\/test\/wp-content\/uploads\/2018\/01\/lindau1-1024x686.jpg 1024w, https:\/\/kk-bodensee.de\/test\/wp-content\/uploads\/2018\/01\/lindau1-300x201.jpg 300w, https:\/\/kk-bodensee.de\/test\/wp-content\/uploads\/2018\/01\/lindau1-768x514.jpg 768w\" sizes=\"auto, (max-width: 600px) 100vw, 600px\" \/><\/a><\/p>\n<\/div>\n\t\t<\/div><\/div><\/div><div id=\"pgc-4-9-2\"  class=\"panel-grid-cell panel-grid-cell-mobile-last\" ><div id=\"panel-4-9-2-0\" class=\"so-panel widget widget_text panel-first-child panel-last-child\" data-index=\"17\" ><div class=\"panel-widget-style panel-widget-style-for-4-9-2-0\" >\t\t\t<div class=\"textwidget\"><p>Am 19.05.2014 berichtete das Handelsblatt \u00fcber die K&amp;K Bodensee GmbH.<br \/>\n<strong><a href=\"https:\/\/archiv.handelsblatt.com\/dosearch?explicitSearch=true&amp;q=family+office+kunze\" target=\"_blank\" rel=\"noopener\">zum Artikel<\/a><\/strong><\/p>\n<\/div>\n\t\t<\/div><\/div><\/div><div id=\"pgc-4-9-3\"  class=\"panel-grid-cell panel-grid-cell-empty\" ><\/div><\/div><\/div><div id=\"pg-4-10\"  class=\"panel-grid panel-no-style\" ><div id=\"pgc-4-10-0\"  class=\"panel-grid-cell\" ><div id=\"panel-4-10-0-0\" class=\"so-panel widget widget_themegrill_flash_heading tg-widget section-title-wrapper panel-first-child panel-last-child\" data-index=\"18\" ><div id=\"foerderungen\" class=\"panel-widget-style panel-widget-style-for-4-10-0-0\" >\t<h3 class=\"section-title\">F\u00f6rderungen<\/h3>\r\n\t<div class=\"section-description\">Im Jahr 2025 wurden folgende Institutionen unterst\u00fctzt:<\/div>\r\n<\/div><\/div><\/div><\/div><div id=\"pg-4-11\"  class=\"panel-grid panel-no-style\" ><div id=\"pgc-4-11-0\"  class=\"panel-grid-cell\" ><div id=\"panel-4-11-0-0\" class=\"so-panel widget widget_text panel-first-child panel-last-child\" data-index=\"19\" ><div class=\"panel-widget-style panel-widget-style-for-4-11-0-0\" >\t\t\t<div class=\"textwidget\"><p><b>Filmtage Oberschwaben gGmbH<br \/>\n<\/b><a href=\"https:\/\/filmtage-oberschwaben.de\/\">Filmtage Oberschwaben gGmbH<\/a><\/p>\n<\/div>\n\t\t<\/div><\/div><\/div><div id=\"pgc-4-11-1\"  class=\"panel-grid-cell\" ><div id=\"panel-4-11-1-0\" class=\"so-panel widget widget_text panel-first-child panel-last-child\" data-index=\"20\" >\t\t\t<div class=\"textwidget\"><p><b>Figurentheater Ravensburg<br \/>\n<\/b><a href=\"https:\/\/www.figurentheater-ravensburg.de\/\" target=\"_blank\" rel=\"noopener\">Figurentheater Ravensburg e.V.<\/a><\/p>\n<\/div>\n\t\t<\/div><\/div><div id=\"pgc-4-11-2\"  class=\"panel-grid-cell\" ><div id=\"panel-4-11-2-0\" class=\"so-panel widget widget_text panel-first-child panel-last-child\" data-index=\"21\" >\t\t\t<div class=\"textwidget\"><p><strong>Musikverein Oberteuringen<\/strong><br \/>\n<a href=\"http:\/\/www.mvoberteuringen.de\" target=\"_blank\" rel=\"noopener\">Musikverein Oberteuringen e.V.<\/a><\/p>\n<\/div>\n\t\t<\/div><\/div><\/div><div id=\"pg-4-12\"  class=\"panel-grid panel-no-style\" ><div id=\"pgc-4-12-0\"  class=\"panel-grid-cell\" ><div id=\"panel-4-12-0-0\" class=\"so-panel widget widget_text panel-first-child panel-last-child\" data-index=\"22\" ><div class=\"panel-widget-style panel-widget-style-for-4-12-0-0\" >\t\t\t<div class=\"textwidget\"><p>Bisher konnte die Stiftung gemeinn\u00fctzige Vereine, Einrichtungen und Projekte mit insgesamt <b>2.900 \u20ac <\/b>f\u00f6rdern.<\/p>\n<\/div>\n\t\t<\/div><\/div><\/div><\/div><div id=\"pg-4-13\"  class=\"panel-grid panel-has-style\" ><div class=\"panel-row-style panel-row-style-for-4-13\" ><div id=\"pgc-4-13-0\"  class=\"panel-grid-cell\" ><div id=\"panel-4-13-0-0\" class=\"so-panel widget widget_themegrill_flash_heading tg-widget section-title-wrapper panel-first-child\" data-index=\"23\" ><div id=\"wertentwicklung\" class=\"panel-widget-style panel-widget-style-for-4-13-0-0\" >\t<h3 class=\"section-title\">Wertentwicklung (%)<\/h3>\r\n<\/div><\/div><div id=\"panel-4-13-0-1\" class=\"so-panel widget widget_text panel-last-child\" data-index=\"24\" >\t\t\t<div class=\"textwidget\">\n<table id=\"tablepress-12\" class=\"tablepress tablepress-id-12\">\n<thead>\n<tr class=\"row-1\">\n\t<th class=\"column-1\">Zeitraum<\/th><td colspan=\"2\" class=\"column-2\"><\/td><th colspan=\"3\" class=\"column-4\">Indizes gro\u00dfer und mittlerer Aktien als Vergleich<\/th>\n<\/tr>\n<\/thead>\n<tbody class=\"row-striping\">\n<tr class=\"row-2\">\n\t<td class=\"column-1\"><\/td><td class=\"column-2\"><strong>K&amp;K Bodensee Stiftung<\/strong><\/td><td class=\"column-3\"><strong>K&amp;K Bodensee GmbH (als Vergleich, v. St.)<\/strong><br \/>\n<\/td><td class=\"column-4\">DE<\/td><td class=\"column-5\">AT<\/td><td class=\"column-6\">CH*<\/td>\n<\/tr>\n<tr class=\"row-3\">\n\t<td class=\"column-1\">01.07. - 31.12.2011<\/td><td class=\"column-2\"><strong>-<\/strong><\/td><td class=\"column-3\"><strong>100<\/strong><\/td><td class=\"column-4\">82,1<\/td><td class=\"column-5\">71,4<\/td><td class=\"column-6\">97,6<\/td>\n<\/tr>\n<tr class=\"row-4\">\n\t<td class=\"column-1\">01.01. - 31.12.2012<\/td><td class=\"column-2\"><strong> 114,4 (ab 1.7.)<\/strong><\/td><td class=\"column-3\"><strong>119,1<\/strong><\/td><td class=\"column-4\">125,8<\/td><td class=\"column-5\">122,8<\/td><td class=\"column-6\">114,9<\/td>\n<\/tr>\n<tr class=\"row-5\">\n\t<td class=\"column-1\">01.01. - 31.12.2013<\/td><td class=\"column-2\"><strong>122,0<\/strong><\/td><td class=\"column-3\"><strong>149,1<\/strong><\/td><td class=\"column-4\">127,9<\/td><td class=\"column-5\">107,0<\/td><td class=\"column-6\">120,2<\/td>\n<\/tr>\n<tr class=\"row-6\">\n\t<td class=\"column-1\">01.01. - 31.12.2014<\/td><td class=\"column-2\"><strong>110,1<\/strong><\/td><td class=\"column-3\"><strong>119,0<\/strong><\/td><td class=\"column-4\">102,6<\/td><td class=\"column-5\">86,4<\/td><td class=\"column-6\">109,5<\/td>\n<\/tr>\n<tr class=\"row-7\">\n\t<td class=\"column-1\">01.01. - 31.12.2015<\/td><td class=\"column-2\"><strong>98,5<\/strong><\/td><td class=\"column-3\"><strong>136,3<\/strong><\/td><td class=\"column-4\">112,6<\/td><td class=\"column-5\">113,0<\/td><td class=\"column-6\">108,9<\/td>\n<\/tr>\n<tr class=\"row-8\">\n\t<td class=\"column-1\">01.01. - 31.12.2016<\/td><td class=\"column-2\"><strong>105,9<\/strong><\/td><td class=\"column-3\"><strong>132,3<\/strong><br \/>\n<\/td><td class=\"column-4\">106,3<\/td><td class=\"column-5\">108,1<\/td><td class=\"column-6\">93,5<\/td>\n<\/tr>\n<tr class=\"row-9\">\n\t<td class=\"column-1\">01.01. - 31.12.2017<\/td><td class=\"column-2\"><strong>115,5<\/strong><\/td><td class=\"column-3\"><strong>126,9<\/strong><\/td><td class=\"column-4\">114,8<\/td><td class=\"column-5\">129,9<\/td><td class=\"column-6\">104,7<\/td>\n<\/tr>\n<tr class=\"row-10\">\n\t<td class=\"column-1\">01.01. - 31.12.2018<\/td><td class=\"column-2\"><strong>81,9<\/strong><\/td><td class=\"column-3\"><strong>91,9<\/strong><\/td><td class=\"column-4\">83,0<\/td><td class=\"column-5\">80,4<\/td><td class=\"column-6\">93,8<\/td>\n<\/tr>\n<tr class=\"row-11\">\n\t<td class=\"column-1\">01.01. - 31.12.2019<\/td><td class=\"column-2\"><strong>100,0<\/strong><\/td><td class=\"column-3\"><strong>116,8<\/strong><\/td><td class=\"column-4\">127,5<\/td><td class=\"column-5\">115,9<\/td><td class=\"column-6\">130,6<\/td>\n<\/tr>\n<tr class=\"row-12\">\n\t<td class=\"column-1\">01.01. - 31.12.2020<\/td><td class=\"column-2\"><strong>100,2<\/strong><\/td><td class=\"column-3\"><strong>137,8<\/strong><\/td><td class=\"column-4\">102,9<\/td><td class=\"column-5\">87,9<\/td><td class=\"column-6\">100,9<\/td>\n<\/tr>\n<tr class=\"row-13\">\n\t<td class=\"column-1\">01.01. - 31.12.2021<\/td><td class=\"column-2\"><strong>100,0<\/strong><\/td><td class=\"column-3\"><strong>132,3<\/strong><\/td><td class=\"column-4\">116,0<\/td><td class=\"column-5\">137,0<\/td><td class=\"column-6\">126,9<\/td>\n<\/tr>\n<tr class=\"row-14\">\n\t<td class=\"column-1\">01.01. - 31.12.2022<\/td><td class=\"column-2\"><strong>100,0<\/strong><\/td><td class=\"column-3\"><strong>93,5<\/strong><\/td><td class=\"column-4\">85,6<\/td><td class=\"column-5\">80,9<\/td><td class=\"column-6\">87,2<\/td>\n<\/tr>\n<tr class=\"row-15\">\n\t<td class=\"column-1\">01.01. - 31.12.2023<\/td><td class=\"column-2\"><strong>101,4<\/strong><\/td><td class=\"column-3\"><strong>102,5<\/strong><\/td><td class=\"column-4\">119,0<\/td><td class=\"column-5\">110,1<\/td><td class=\"column-6\">109,5<\/td>\n<\/tr>\n<tr class=\"row-16\">\n\t<td class=\"column-1\">01.01. - 31.12.2024<\/td><td class=\"column-2\"><strong>102,5<\/strong><\/td><td class=\"column-3\"><strong>106,3<\/strong><\/td><td class=\"column-4\">115,4<\/td><td class=\"column-5\">106,0<\/td><td class=\"column-6\">103,0<\/td>\n<\/tr>\n<tr class=\"row-17\">\n\t<td class=\"column-1\">01.01. - 31.12.2025<\/td><td class=\"column-2\"><strong>101,7<\/strong><\/td><td class=\"column-3\"><strong>127,5<\/strong><\/td><td class=\"column-4\">124,1<\/td><td class=\"column-5\">144,8<\/td><td class=\"column-6\">115,6<\/td>\n<\/tr>\n<tr class=\"row-18\">\n\t<td class=\"column-1\"><strong>Insgesamt<\/strong><\/td><td class=\"column-2\"><strong>160,6<\/strong><\/td><td class=\"column-3\"><strong>1.229,1<\/strong><\/td><td class=\"column-4\"><strong>343,2<\/strong><\/td><td class=\"column-5\"><strong>197,3<\/strong><\/td><td class=\"column-6\"><strong>280,7<\/strong><\/td>\n<\/tr>\n<\/tbody>\n<tfoot>\n<tr class=\"row-19\">\n\t<th class=\"column-1\"><strong>p.a. (geom. Mittel)<\/strong><\/th><th class=\"column-2\"><strong>103,6<\/strong><\/th><th class=\"column-3\"><strong>118,9<\/strong><\/th><th class=\"column-4\"><strong>108,9<\/strong><\/th><th class=\"column-5\"><strong>104,8<\/strong><\/th><th class=\"column-6\"><strong>107,4<\/strong><\/th>\n<\/tr>\n<\/tfoot>\n<\/table>\n<!-- #tablepress-12 from cache -->\n<p>Hierbei ist zu beachten, dass Stiftungen bei der Verm\u00f6gensanlage Restriktionen unterliegen.<\/p>\n<p>Mit Zunahme des Stiftungsverm\u00f6gens k\u00f6nnen wir jedoch Einzelrisiken erh\u00f6hen und so eine Angleichung an die Entwicklung des GmbH-Depots erreichen.<br \/>\n* auf \u20ac-Basis<\/p>\n<\/div>\n\t\t<\/div><\/div><\/div><\/div><\/div>","protected":false},"excerpt":{"rendered":"<p>Die &#8222;K&amp;K Bodensee-Stiftung&#8220; steht in keinem rechtlichen Verh\u00e4ltnis zur internationalen &#8222;Bodensee-Stiftung&#8220; mit Sitz in Radolfzell.<\/p>\n","protected":false},"author":1,"featured_media":0,"parent":0,"menu_order":0,"comment_status":"closed","ping_status":"closed","template":"page-templates\/full-width.php","meta":{"footnotes":""},"class_list":["post-4","page","type-page","status-publish","hentry"],"_links":{"self":[{"href":"https:\/\/kk-bodensee.de\/index.php?rest_route=\/wp\/v2\/pages\/4","targetHints":{"allow":["GET"]}}],"collection":[{"href":"https:\/\/kk-bodensee.de\/index.php?rest_route=\/wp\/v2\/pages"}],"about":[{"href":"https:\/\/kk-bodensee.de\/index.php?rest_route=\/wp\/v2\/types\/page"}],"author":[{"embeddable":true,"href":"https:\/\/kk-bodensee.de\/index.php?rest_route=\/wp\/v2\/users\/1"}],"replies":[{"embeddable":true,"href":"https:\/\/kk-bodensee.de\/index.php?rest_route=%2Fwp%2Fv2%2Fcomments&post=4"}],"version-history":[{"count":215,"href":"https:\/\/kk-bodensee.de\/index.php?rest_route=\/wp\/v2\/pages\/4\/revisions"}],"predecessor-version":[{"id":679,"href":"https:\/\/kk-bodensee.de\/index.php?rest_route=\/wp\/v2\/pages\/4\/revisions\/679"}],"wp:attachment":[{"href":"https:\/\/kk-bodensee.de\/index.php?rest_route=%2Fwp%2Fv2%2Fmedia&parent=4"}],"curies":[{"name":"wp","href":"https:\/\/api.w.org\/{rel}","templated":true}]}}