{"id":12,"date":"2017-12-29T11:34:23","date_gmt":"2017-12-29T10:34:23","guid":{"rendered":"http:\/\/kk-bodensee.de\/test\/?page_id=12"},"modified":"2024-12-05T10:44:52","modified_gmt":"2024-12-05T09:44:52","slug":"impressum","status":"publish","type":"page","link":"https:\/\/kk-bodensee.de\/?page_id=12","title":{"rendered":"Impressum"},"content":{"rendered":"<div id=\"pl-12\"  class=\"panel-layout\" ><div id=\"pg-12-0\"  class=\"panel-grid panel-no-style\" ><div id=\"pgc-12-0-0\"  class=\"panel-grid-cell\" ><div id=\"panel-12-0-0-0\" class=\"so-panel widget widget_text panel-first-child panel-last-child\" data-index=\"0\" >\t\t\t<div class=\"textwidget\"><h3>Impressum<\/h3>\n<p><br class=\"clear\" \/>K&amp;K Bodensee-Stiftung<br \/>\nBremhagweg 26<br \/>\n88213 Ravensburg<\/p>\n<p>E-Mail:\u00a0<a href=\"mailto:kk-bodensee@t-online.de\">kk-bodensee@t-online.de<\/a><br \/>\nInternet:\u00a0<a href=\"http:\/\/www.kk-bodensee.de\/\">www.kk-bodensee.de<\/a><\/p>\n<p><strong>Konto: DE57 6505 0110 0101 0975 96<\/strong>\u00a0bei der KSK Ravensburg (BIC: SOLADES1RVB)<br \/>\nSteuernummer: 77052\/15043<\/p>\n<p>&#8222;K&amp;K Bodensee&#8220; ist eine in Deutschland registrierte Marke der K&amp;K Bodensee GmbH.<\/p>\n<p>Die K&amp;K Bodensee-Stiftung ist eine gemeinn\u00fctzige Treuhandstiftung. Zweck der Stiftung ist die F\u00f6rderung von Kunst und Kultur sowie anderer gemeinn\u00fctziger Zwecke in Deutschland, \u00d6sterreich und der Schweiz, insbesondere im Bodenseeraum.<\/p>\n<p>Der aktuelle Freistellungsbescheid vom Finanzamt Ravensburg wurde am 04.10.2023 erteilt.<\/p>\n<p><strong>Vorstand:<\/strong><br \/>\nDipl.-Ing. oec. Kathrin Kunze (Vorsitzende)<br \/>\nConstanze Giray, geb. Kunze (stellvertretende Vorsitzende)<\/p>\n<p><strong>Treuh\u00e4nderin:<\/strong><br \/>\nK&amp;K Bodensee GmbH<br \/>\nBremhagweg 26<br \/>\n88213 Ravensburg<br \/>\nHRB 726708 (Reg.-Gericht Ulm)<br \/>\ngegr\u00fcndet am 17.06.2011<br \/>\nSteuernummer 77027\/03667<br \/>\nUSt-IdNr. DE282902281<\/p>\n<h3>Haftungshinweise<\/h3>\n<p>Wir sind st\u00e4ndig darum bem\u00fcht, die hier bereit gestellten Informationen aktuell, vollst\u00e4ndig, qualit\u00e4tsgerecht und korrekt zu gestalten. Eine Gew\u00e4hr daf\u00fcr wird nicht \u00fcbernommen. Schadenersatzanspr\u00fcche materieller oder immaterieller Art, die durch die Nutzung oder Nichtnutzung der angebotenen, auch fehlerhafter oder unvollst\u00e4ndiger Informationen entstehen, sind ausgeschlossen mit Ausnahme vors\u00e4tzlich oder grob fahrl\u00e4ssig verschuldeter Fehlinformation.<\/p>\n<p>Wir behalten uns vor, jederzeit ohne Vorank\u00fcndigung die Informationen ganz oder teilweise zu ver\u00e4ndern, zu erg\u00e4nzen, zu l\u00f6schen oder eine Ver\u00f6ffentlichung einzustellen.<\/p>\n<p>Den Inhalt fremder Webseiten, auf die wir aus den Internetseiten der K&amp;K-Bodensee verweisen, macht sich K&amp;K Bodensee nicht zu Eigen. K&amp;K Bodensee hat keinerlei Einfluss auf den Inhalt und die Gestaltung der Seiten anderer Anbieter und \u00fcbernimmt daher keine Verantwortung f\u00fcr die Inhalte der verlinkten Seiten, insbesondere nicht f\u00fcr \u00c4nderungen der Seiten nach Linksetzung. F\u00fcr illegale, fehlerhafte oder unvollst\u00e4ndige Inhalte sowie f\u00fcr Sch\u00e4den, die durch die Nutzung oder Nichtnutzung der Informationen entstehen, haftet allein der Anbieter der Web-Site, auf die verwiesen wurde. Die Haftung desjenigen, der nur auf einen Link hinweist, ist ausgeschlossen. F\u00fcr fremde Hinweise ist K&amp;K Bodensee nur dann verantwortlich, wenn sie von den Seiten, d.h. auch von einem eventuellen rechtswidrigen bzw. strafbaren Inhalt positive Kenntnis hat, und es technisch m\u00f6glich und zumutbar ist, deren Nutzung zu verhindern.<\/p>\n<\/div>\n\t\t<\/div><\/div><\/div><\/div>","protected":false},"excerpt":{"rendered":"<p>Impressum K&amp;K Bodensee-Stiftung Bremhagweg 26 88213 Ravensburg E-Mail:\u00a0kk-bodensee@t-online.de Internet:\u00a0www.kk-bodensee.de Konto: DE57 6505 0110 0101 0975 96\u00a0bei der KSK Ravensburg (BIC: [&hellip;]<\/p>\n","protected":false},"author":1,"featured_media":0,"parent":0,"menu_order":0,"comment_status":"closed","ping_status":"closed","template":"page-templates\/full-width.php","meta":{"footnotes":""},"class_list":["post-12","page","type-page","status-publish","hentry"],"_links":{"self":[{"href":"https:\/\/kk-bodensee.de\/index.php?rest_route=\/wp\/v2\/pages\/12","targetHints":{"allow":["GET"]}}],"collection":[{"href":"https:\/\/kk-bodensee.de\/index.php?rest_route=\/wp\/v2\/pages"}],"about":[{"href":"https:\/\/kk-bodensee.de\/index.php?rest_route=\/wp\/v2\/types\/page"}],"author":[{"embeddable":true,"href":"https:\/\/kk-bodensee.de\/index.php?rest_route=\/wp\/v2\/users\/1"}],"replies":[{"embeddable":true,"href":"https:\/\/kk-bodensee.de\/index.php?rest_route=%2Fwp%2Fv2%2Fcomments&post=12"}],"version-history":[{"count":46,"href":"https:\/\/kk-bodensee.de\/index.php?rest_route=\/wp\/v2\/pages\/12\/revisions"}],"predecessor-version":[{"id":653,"href":"https:\/\/kk-bodensee.de\/index.php?rest_route=\/wp\/v2\/pages\/12\/revisions\/653"}],"wp:attachment":[{"href":"https:\/\/kk-bodensee.de\/index.php?rest_route=%2Fwp%2Fv2%2Fmedia&parent=12"}],"curies":[{"name":"wp","href":"https:\/\/api.w.org\/{rel}","templated":true}]}}