{"id":10,"date":"2017-12-29T11:34:13","date_gmt":"2017-12-29T10:34:13","guid":{"rendered":"http:\/\/kk-bodensee.de\/test\/?page_id=10"},"modified":"2020-10-09T22:50:13","modified_gmt":"2020-10-09T20:50:13","slug":"wuerdigungen","status":"publish","type":"page","link":"https:\/\/kk-bodensee.de\/?page_id=10","title":{"rendered":"W\u00fcrdigungen"},"content":{"rendered":"<div id=\"pl-10\"  class=\"panel-layout\" ><div id=\"pg-10-0\"  class=\"panel-grid panel-no-style\" ><div id=\"pgc-10-0-0\"  class=\"panel-grid-cell\" ><div id=\"panel-10-0-0-0\" class=\"so-panel widget widget_themegrill_flash_heading tg-widget section-title-wrapper panel-first-child panel-last-child\" data-index=\"0\" >\t<h3 class=\"section-title\">W\u00fcrdigungen<\/h3>\r\n<\/div><\/div><\/div><div id=\"pg-10-1\"  class=\"panel-grid panel-no-style\" ><div id=\"pgc-10-1-0\"  class=\"panel-grid-cell\" ><div id=\"panel-10-1-0-0\" class=\"so-panel widget widget_text panel-first-child panel-last-child\" data-index=\"1\" >\t\t\t<div class=\"textwidget\"><p>Eine Aufnahme in die Zustifter-Galerie erfolgt bei Zustiftungen ab 500 \u20ac.<br \/>\nHierbei kann die Zustiftung auch nahestehenden Personen gewidmet werden.<\/p>\n<p>\u00dcber die Vergabe der Stiftungsmittel entscheidet ausschlie\u00dflich der Stiftungsvorstand.<br \/>\nWir bem\u00fchen uns jedoch im Rahmen der Satzung alle Unterst\u00fctzungsw\u00fcnsche zu erf\u00fcllen.<\/p>\n<\/div>\n\t\t<\/div><\/div><\/div><div id=\"pg-10-2\"  class=\"panel-grid panel-no-style\" ><div id=\"pgc-10-2-0\"  class=\"panel-grid-cell\" ><div id=\"panel-10-2-0-0\" class=\"so-panel widget widget_text panel-first-child panel-last-child\" data-index=\"2\" >\t\t\t<div class=\"textwidget\"><p><\/p>\n<hr \/>\n<p><\/p>\n<\/div>\n\t\t<\/div><\/div><\/div><div id=\"pg-10-3\"  class=\"panel-grid panel-no-style\" ><div id=\"pgc-10-3-0\"  class=\"panel-grid-cell\" ><div id=\"panel-10-3-0-0\" class=\"so-panel widget widget_themegrill_flash_image tg-widget tg-image-widget panel-first-child panel-last-child\" data-index=\"3\" ><div class=\"panel-widget-style panel-widget-style-for-10-3-0-0\" >\t<img decoding=\"async\" src=\"http:\/\/kk-bodensee.de\/test\/wp-content\/uploads\/2017\/12\/rbauer_.jpg\" \/>\r\n<\/div><\/div><\/div><div id=\"pgc-10-3-1\"  class=\"panel-grid-cell\" ><div id=\"panel-10-3-1-0\" class=\"so-panel widget widget_text panel-first-child panel-last-child\" data-index=\"4\" ><div class=\"panel-widget-style panel-widget-style-for-10-3-1-0\" ><h3 class=\"widget-title\">Roland Bauer<\/h3>\t\t\t<div class=\"textwidget\"><p>bekannt als Clown Rocco und aufgenommen im<br \/>\nWHO IS WHO IN DER BUNDESREPUBLIK DEUTSCHLAND<\/p>\n<\/div>\n\t\t<\/div><\/div><\/div><\/div><div id=\"pg-10-4\"  class=\"panel-grid panel-no-style\" ><div id=\"pgc-10-4-0\"  class=\"panel-grid-cell\" ><div id=\"panel-10-4-0-0\" class=\"so-panel widget widget_text panel-first-child panel-last-child\" data-index=\"5\" >\t\t\t<div class=\"textwidget\"><p><\/p>\n<hr \/>\n<p><\/p>\n<\/div>\n\t\t<\/div><\/div><\/div><div id=\"pg-10-5\"  class=\"panel-grid panel-no-style\" ><div id=\"pgc-10-5-0\"  class=\"panel-grid-cell\" ><div id=\"panel-10-5-0-0\" class=\"so-panel widget widget_themegrill_flash_image tg-widget tg-image-widget panel-first-child panel-last-child\" data-index=\"6\" ><div class=\"panel-widget-style panel-widget-style-for-10-5-0-0\" >\t<img decoding=\"async\" src=\"http:\/\/kk-bodensee.de\/test\/wp-content\/uploads\/2017\/12\/u-m-eckardt_480x360.jpg\" \/>\r\n<\/div><\/div><\/div><div id=\"pgc-10-5-1\"  class=\"panel-grid-cell\" ><div id=\"panel-10-5-1-0\" class=\"so-panel widget widget_text panel-first-child panel-last-child\" data-index=\"7\" ><div class=\"panel-widget-style panel-widget-style-for-10-5-1-0\" ><h3 class=\"widget-title\">Ursula\u00a0und Manfred\u00a0Eckardt<\/h3>\t\t\t<div class=\"textwidget\"><p><strong>Kathrin Kunze<\/strong> widmet die Zustiftung ihren Eltern aus Allstedt (Liedersdorf)<\/p>\n<\/div>\n\t\t<\/div><\/div><\/div><\/div><div id=\"pg-10-6\"  class=\"panel-grid panel-no-style\" ><div id=\"pgc-10-6-0\"  class=\"panel-grid-cell\" ><div id=\"panel-10-6-0-0\" class=\"so-panel widget widget_text panel-first-child panel-last-child\" data-index=\"8\" >\t\t\t<div class=\"textwidget\"><p><\/p>\n<hr \/>\n<p><\/p>\n<\/div>\n\t\t<\/div><\/div><\/div><div id=\"pg-10-7\"  class=\"panel-grid panel-no-style\" ><div id=\"pgc-10-7-0\"  class=\"panel-grid-cell\" ><div id=\"panel-10-7-0-0\" class=\"so-panel widget widget_themegrill_flash_image tg-widget tg-image-widget panel-first-child panel-last-child\" data-index=\"9\" ><div class=\"panel-widget-style panel-widget-style-for-10-7-0-0\" >\t<img decoding=\"async\" src=\"http:\/\/kk-bodensee.de\/test\/wp-content\/uploads\/2017\/12\/p-o-kunze.jpg\" \/>\r\n<\/div><\/div><\/div><div id=\"pgc-10-7-1\"  class=\"panel-grid-cell\" ><div id=\"panel-10-7-1-0\" class=\"so-panel widget widget_text panel-first-child panel-last-child\" data-index=\"10\" ><div class=\"panel-widget-style panel-widget-style-for-10-7-1-0\" ><h3 class=\"widget-title\">Ottilie und Paul Kunze<\/h3>\t\t\t<div class=\"textwidget\"><p><strong>Klaus Kunze<\/strong> widmet die Zustiftung seinen Eltern aus\u00a0L\u00fctzen (Muschwitz)<\/p>\n<\/div>\n\t\t<\/div><\/div><\/div><\/div><div id=\"pg-10-8\"  class=\"panel-grid panel-no-style\" ><div id=\"pgc-10-8-0\"  class=\"panel-grid-cell\" ><div id=\"panel-10-8-0-0\" class=\"so-panel widget widget_text panel-first-child panel-last-child\" data-index=\"11\" >\t\t\t<div class=\"textwidget\"><p><\/p>\n<hr \/>\n<p><\/p>\n<\/div>\n\t\t<\/div><\/div><\/div><div id=\"pg-10-9\"  class=\"panel-grid panel-no-style\" ><div id=\"pgc-10-9-0\"  class=\"panel-grid-cell\" ><div id=\"panel-10-9-0-0\" class=\"so-panel widget widget_text panel-first-child panel-last-child\" data-index=\"12\" >\t\t\t<div class=\"textwidget\"><\/div>\n\t\t<\/div><\/div><div id=\"pgc-10-9-1\"  class=\"panel-grid-cell\" ><div id=\"panel-10-9-1-0\" class=\"so-panel widget widget_text panel-first-child panel-last-child\" data-index=\"13\" ><div class=\"panel-widget-style panel-widget-style-for-10-9-1-0\" ><h3 class=\"widget-title\">Achim Held<\/h3>\t\t\t<div class=\"textwidget\"><p>aus Berlin<\/p>\n<\/div>\n\t\t<\/div><\/div><\/div><\/div><\/div>","protected":false},"excerpt":{"rendered":"<p>Eine Aufnahme in die Zustifter-Galerie erfolgt bei Zustiftungen ab 500 \u20ac. Hierbei kann die Zustiftung auch nahestehenden Personen gewidmet werden. [&hellip;]<\/p>\n","protected":false},"author":1,"featured_media":0,"parent":0,"menu_order":0,"comment_status":"closed","ping_status":"closed","template":"page-templates\/full-width.php","meta":{"footnotes":""},"class_list":["post-10","page","type-page","status-publish","hentry"],"_links":{"self":[{"href":"https:\/\/kk-bodensee.de\/index.php?rest_route=\/wp\/v2\/pages\/10","targetHints":{"allow":["GET"]}}],"collection":[{"href":"https:\/\/kk-bodensee.de\/index.php?rest_route=\/wp\/v2\/pages"}],"about":[{"href":"https:\/\/kk-bodensee.de\/index.php?rest_route=\/wp\/v2\/types\/page"}],"author":[{"embeddable":true,"href":"https:\/\/kk-bodensee.de\/index.php?rest_route=\/wp\/v2\/users\/1"}],"replies":[{"embeddable":true,"href":"https:\/\/kk-bodensee.de\/index.php?rest_route=%2Fwp%2Fv2%2Fcomments&post=10"}],"version-history":[{"count":61,"href":"https:\/\/kk-bodensee.de\/index.php?rest_route=\/wp\/v2\/pages\/10\/revisions"}],"predecessor-version":[{"id":560,"href":"https:\/\/kk-bodensee.de\/index.php?rest_route=\/wp\/v2\/pages\/10\/revisions\/560"}],"wp:attachment":[{"href":"https:\/\/kk-bodensee.de\/index.php?rest_route=%2Fwp%2Fv2%2Fmedia&parent=10"}],"curies":[{"name":"wp","href":"https:\/\/api.w.org\/{rel}","templated":true}]}}